{"id":48,"date":"2023-12-21T17:02:39","date_gmt":"2023-12-21T17:02:39","guid":{"rendered":"https:\/\/clinicaodontologicaroe.com\/?page_id=48"},"modified":"2024-02-15T18:45:44","modified_gmt":"2024-02-15T18:45:44","slug":"nosotros","status":"publish","type":"page","link":"https:\/\/clinicaodontologicaroe.com\/?page_id=48","title":{"rendered":"Nosotros"},"content":{"rendered":"\n<p>ROE es una empresa de servicios m\u00e9dicos ubicada en Ate, Lima, Per\u00fa. Naci\u00f3 debido a la visi\u00f3n del Dr. Jonathan Mendoza Gamarra de crear una cl\u00ednica donde el paciente se sienta en casa y m\u00e1s que por profesionales de la salud, sea atendido por amigos incondicionales que quieren su bienestar y calidad de vida. <br>Comenz\u00f3 en un peque\u00f1o ambiente donde coexist\u00edan consultorio dental y \u00e1rea de recepci\u00f3n y solo Dr. Y paciente llenaban el espacio por el a\u00f1o 2013. Gracias a las bondades de la vida y el esfuerzo, el espacio fue creciendo y contamos con una cl\u00ednica dental amplia y confortable a disposici\u00f3n de nuestros pacientes. La familia ROE tambi\u00e9n ha crecido y contamos con excelentes doctores, especialistas, asistentes y administrativo, todos comprometidos con brindar una atenci\u00f3n odontol\u00f3gica de calidad a nuestros pacientes.<\/p>\n\n\n\n<ul class=\"wp-block-list\">\n<li><strong><em>Misi\u00f3n<\/em><\/strong><\/li>\n<\/ul>\n\n\n\n<p>Brindar una atenci\u00f3n odontol\u00f3gica de excelencia que contribuya a mejorar la calidad de vida de nuestros pacientes con un enfoque integral, preventivo y personalizado por Cirujanos Dentistas especializados y comprometidos con su profesi\u00f3n educados en el Per\u00fa y el extranjero que contribuya a mejorar la calidad de vida de nuestros pacientes.<\/p>\n\n\n\n<ul class=\"wp-block-list\">\n<li><strong><em>Visi\u00f3n<\/em><\/strong><\/li>\n<\/ul>\n\n\n\n<p>Extender la Cl\u00ednica Odontol\u00f3gica Especializada ROE a todas las regiones del pa\u00eds contribuyendo a elevar el nivel de salud bucal en la poblaci\u00f3n\u00a0peruana.<\/p>\n","protected":false},"excerpt":{"rendered":"<p>ROE es una empresa de servicios m\u00e9dicos ubicada en Ate, Lima, Per\u00fa. Naci\u00f3 debido a la visi\u00f3n del Dr. Jonathan Mendoza Gamarra de crear una cl\u00ednica donde el paciente se sienta en casa y m\u00e1s que por profesionales de la salud, sea atendido por amigos &hellip; <\/p>\n","protected":false},"author":1,"featured_media":71,"parent":0,"menu_order":0,"comment_status":"open","ping_status":"closed","template":"","meta":{"footnotes":""},"class_list":["post-48","page","type-page","status-publish","has-post-thumbnail","hentry"],"_links":{"self":[{"href":"https:\/\/clinicaodontologicaroe.com\/index.php?rest_route=\/wp\/v2\/pages\/48","targetHints":{"allow":["GET"]}}],"collection":[{"href":"https:\/\/clinicaodontologicaroe.com\/index.php?rest_route=\/wp\/v2\/pages"}],"about":[{"href":"https:\/\/clinicaodontologicaroe.com\/index.php?rest_route=\/wp\/v2\/types\/page"}],"author":[{"embeddable":true,"href":"https:\/\/clinicaodontologicaroe.com\/index.php?rest_route=\/wp\/v2\/users\/1"}],"replies":[{"embeddable":true,"href":"https:\/\/clinicaodontologicaroe.com\/index.php?rest_route=%2Fwp%2Fv2%2Fcomments&post=48"}],"version-history":[{"count":3,"href":"https:\/\/clinicaodontologicaroe.com\/index.php?rest_route=\/wp\/v2\/pages\/48\/revisions"}],"predecessor-version":[{"id":68,"href":"https:\/\/clinicaodontologicaroe.com\/index.php?rest_route=\/wp\/v2\/pages\/48\/revisions\/68"}],"wp:featuredmedia":[{"embeddable":true,"href":"https:\/\/clinicaodontologicaroe.com\/index.php?rest_route=\/wp\/v2\/media\/71"}],"wp:attachment":[{"href":"https:\/\/clinicaodontologicaroe.com\/index.php?rest_route=%2Fwp%2Fv2%2Fmedia&parent=48"}],"curies":[{"name":"wp","href":"https:\/\/api.w.org\/{rel}","templated":true}]}}